{"id":50,"date":"2017-06-14T08:50:29","date_gmt":"2017-06-14T08:50:29","guid":{"rendered":"http:\/\/dummy.xtemos.com\/woodmart\/?post_type=product&#038;p=50"},"modified":"2025-12-03T17:08:33","modified_gmt":"2025-12-03T16:08:33","slug":"machines-a-laver","status":"publish","type":"product","link":"https:\/\/www.recson.ma\/ar\/product\/machines-a-laver\/","title":{"rendered":"Machines \u00e0 laver"},"content":{"rendered":"<div class=\"wpb-content-wrapper\"><div class=\"vc_row wpb_row vc_row-fluid\"><div class=\"wpb_column vc_column_container vc_col-sm-6\"><div class=\"vc_column-inner\"><div class=\"wpb_wrapper\">\n\t\t<div id=\"wd-69304b61572d6\" class=\"title-wrapper wd-wpb wd-set-mb reset-last-child  wd-rs-69304b61572d6 wd-title-color-default wd-title-style-default text-left  wd-underline-colored\">\n\t\t\t\n\t\t\t<div class=\"liner-continer\">\n\t\t\t\t<h4 class=\"woodmart-title-container title  wd-font-weight- wd-fontsize-l\" >Machine \u00e0 laver Recson<\/h4>\n\t\t\t\t\t\t\t<\/div>\n\t\t\t\n\t\t\t\n\t\t\t\n\t\t<\/div>\n\t\t\n\t\t\t\t<div id=\"wd-69304b5ad5cd0\" class=\"wd-text-block wd-wpb reset-last-child wd-rs-69304b5ad5cd0 text-left vc_custom_1764772705285\">\n\t\t\t<ul class=\"unordered-list\">\n<li>\n<p data-start=\"265\" data-end=\"575\">D\u00e9couvrez la <strong data-start=\"278\" data-end=\"304\">machine \u00e0 laver Recson<\/strong>, un appareil moderne con\u00e7u pour offrir performance, confort et efficacit\u00e9 au quotidien. Avec son <strong data-start=\"402\" data-end=\"425\">design inox \u00e9l\u00e9gant<\/strong>, sa <strong data-start=\"430\" data-end=\"445\">porte large<\/strong> et son panneau de commande clair, elle s\u2019int\u00e8gre parfaitement dans tous les int\u00e9rieurs tout en facilitant chaque cycle de lavage.<\/p>\n<p data-start=\"577\" data-end=\"895\">\u00c9quip\u00e9e d\u2019un <strong data-start=\"590\" data-end=\"616\">tambour haute capacit\u00e9<\/strong>, elle assure un nettoyage en profondeur tout en respectant les textiles, m\u00eame les plus d\u00e9licats. Ses diff\u00e9rents <strong data-start=\"729\" data-end=\"756\">programmes intelligents<\/strong> (Coton, Synth\u00e9tique, Mix, Lavage rapide, Eco\u2026) permettent d\u2019adapter automatiquement temps, vitesse et consommation selon le type de linge.<\/p>\n<p data-start=\"897\" data-end=\"1118\">Gr\u00e2ce \u00e0 son <strong data-start=\"909\" data-end=\"935\">\u00e9cran digital intuitif<\/strong>, vous contr\u00f4lez facilement la temp\u00e9rature, l\u2019essorage et la dur\u00e9e du cycle. La technologie Recson optimise la consommation d\u2019eau et d\u2019\u00e9nergie pour un lavage performant et \u00e9conomique.<\/p>\n<\/li>\n<\/ul>\n\t\t<\/div>\n\t\t<\/div><\/div><\/div><div class=\"wpb_column vc_column_container vc_col-sm-3\"><div class=\"vc_column-inner\"><div class=\"wpb_wrapper\">\n\t<div  class=\"wpb_single_image wpb_content_element vc_align_left\">\n\t\t\n\t\t<figure class=\"wpb_wrapper vc_figure\">\n\t\t\t<div class=\"vc_single_image-wrapper   vc_box_border_grey\"><img loading=\"lazy\" decoding=\"async\" width=\"150\" height=\"150\" src=\"https:\/\/www.recson.ma\/wp-content\/uploads\/2017\/06\/silent-wash-1-150x150.png\" class=\"vc_single_image-img attachment-thumbnail\" alt=\"\" title=\"silent wash\" \/><\/div>\n\t\t<\/figure>\n\t<\/div>\n\n\t<div  class=\"wpb_single_image wpb_content_element vc_align_left\">\n\t\t\n\t\t<figure class=\"wpb_wrapper vc_figure\">\n\t\t\t<div class=\"vc_single_image-wrapper   vc_box_border_grey\"><img loading=\"lazy\" decoding=\"async\" width=\"150\" height=\"150\" src=\"https:\/\/www.recson.ma\/wp-content\/uploads\/2017\/06\/8-kg-1-150x150.png\" class=\"vc_single_image-img attachment-thumbnail\" alt=\"\" title=\"8 kg\" \/><\/div>\n\t\t<\/figure>\n\t<\/div>\n<\/div><\/div><\/div><div class=\"wpb_column vc_column_container vc_col-sm-3\"><div class=\"vc_column-inner\"><div class=\"wpb_wrapper\">\n\t<div  class=\"wpb_single_image wpb_content_element vc_align_left\">\n\t\t\n\t\t<figure class=\"wpb_wrapper vc_figure\">\n\t\t\t<div class=\"vc_single_image-wrapper   vc_box_border_grey\"><img loading=\"lazy\" decoding=\"async\" width=\"150\" height=\"150\" src=\"https:\/\/www.recson.ma\/wp-content\/uploads\/2017\/06\/eco-1-150x150.png\" class=\"vc_single_image-img attachment-thumbnail\" alt=\"\" title=\"eco\" \/><\/div>\n\t\t<\/figure>\n\t<\/div>\n\n\t<div  class=\"wpb_single_image wpb_content_element vc_align_left\">\n\t\t\n\t\t<figure class=\"wpb_wrapper vc_figure\">\n\t\t\t<div class=\"vc_single_image-wrapper   vc_box_border_grey\"><img loading=\"lazy\" decoding=\"async\" width=\"150\" height=\"150\" src=\"https:\/\/www.recson.ma\/wp-content\/uploads\/2017\/06\/steam-1-150x150.png\" class=\"vc_single_image-img attachment-thumbnail\" alt=\"\" title=\"steam\" \/><\/div>\n\t\t<\/figure>\n\t<\/div>\n<\/div><\/div><\/div><\/div>\n<\/div>","protected":false},"excerpt":{"rendered":"<p>D\u00e9couvrez la <strong data-start=\"278\" data-end=\"304\">machine \u00e0 laver Recson<\/strong>, un appareil moderne con\u00e7u pour offrir performance, confort et efficacit\u00e9 au quotidien. Avec son <strong data-start=\"402\" data-end=\"425\">design inox \u00e9l\u00e9gant<\/strong>, sa <strong data-start=\"430\" data-end=\"445\">porte large<\/strong> et son panneau de commande clair, elle s\u2019int\u00e8gre parfaitement dans tous les int\u00e9rieurs tout en facilitant chaque cycle de lavage.<\/p>","protected":false},"featured_media":9701,"comment_status":"open","ping_status":"closed","template":"","meta":[],"product_brand":[],"product_cat":[71],"product_tag":[],"class_list":{"0":"post-50","1":"product","2":"type-product","3":"status-publish","4":"has-post-thumbnail","6":"product_cat-machines-a-laver","8":"first","9":"instock","10":"shipping-taxable","11":"purchasable","12":"product-type-simple"},"yoast_head":"<!-- This site is optimized with the Yoast SEO plugin v26.5 - https:\/\/yoast.com\/wordpress\/plugins\/seo\/ -->\n<title>Machines \u00e0 laver - Recson<\/title>\n<meta name=\"robots\" content=\"index, follow, max-snippet:-1, max-image-preview:large, max-video-preview:-1\" \/>\n<link rel=\"canonical\" href=\"https:\/\/www.recson.ma\/ar\/product\/machines-a-laver\/\" \/>\n<meta property=\"og:locale\" content=\"ar_AR\" \/>\n<meta property=\"og:type\" content=\"article\" \/>\n<meta property=\"og:title\" content=\"Machines \u00e0 laver - Recson\" \/>\n<meta property=\"og:description\" content=\"D\u00e9couvrez la machine \u00e0 laver Recson, un appareil moderne con\u00e7u pour offrir performance, confort et efficacit\u00e9 au quotidien. Avec son design inox \u00e9l\u00e9gant, sa porte large et son panneau de commande clair, elle s\u2019int\u00e8gre parfaitement dans tous les int\u00e9rieurs tout en facilitant chaque cycle de lavage.\" \/>\n<meta property=\"og:url\" content=\"https:\/\/www.recson.ma\/ar\/product\/machines-a-laver\/\" \/>\n<meta property=\"og:site_name\" content=\"Recson\" \/>\n<meta property=\"article:modified_time\" content=\"2025-12-03T16:08:33+00:00\" \/>\n<meta property=\"og:image\" content=\"https:\/\/www.recson.ma\/wp-content\/uploads\/2017\/06\/Design-sans-titre-12.png\" \/>\n\t<meta property=\"og:image:width\" content=\"860\" \/>\n\t<meta property=\"og:image:height\" content=\"1200\" \/>\n\t<meta property=\"og:image:type\" content=\"image\/png\" \/>\n<meta name=\"twitter:card\" content=\"summary_large_image\" \/>\n<meta name=\"twitter:label1\" content=\"\u0648\u0642\u062a \u0627\u0644\u0642\u0631\u0627\u0621\u0629 \u0627\u0644\u0645\u064f\u0642\u062f\u0651\u0631\" \/>\n\t<meta name=\"twitter:data1\" content=\"\u062f\u0642\u064a\u0642\u062a\u0627\u0646\" \/>\n<script type=\"application\/ld+json\" class=\"yoast-schema-graph\">{\"@context\":\"https:\/\/schema.org\",\"@graph\":[{\"@type\":\"WebPage\",\"@id\":\"https:\/\/www.recson.ma\/produit\/machines-a-laver\/\",\"url\":\"https:\/\/www.recson.ma\/produit\/machines-a-laver\/\",\"name\":\"Machines \u00e0 laver - Recson\",\"isPartOf\":{\"@id\":\"https:\/\/www.recson.ma\/#website\"},\"primaryImageOfPage\":{\"@id\":\"https:\/\/www.recson.ma\/produit\/machines-a-laver\/#primaryimage\"},\"image\":{\"@id\":\"https:\/\/www.recson.ma\/produit\/machines-a-laver\/#primaryimage\"},\"thumbnailUrl\":\"https:\/\/www.recson.ma\/wp-content\/uploads\/2017\/06\/Design-sans-titre-12.png\",\"datePublished\":\"2017-06-14T08:50:29+00:00\",\"dateModified\":\"2025-12-03T16:08:33+00:00\",\"breadcrumb\":{\"@id\":\"https:\/\/www.recson.ma\/produit\/machines-a-laver\/#breadcrumb\"},\"inLanguage\":\"ar\",\"potentialAction\":[{\"@type\":\"ReadAction\",\"target\":[\"https:\/\/www.recson.ma\/produit\/machines-a-laver\/\"]}]},{\"@type\":\"ImageObject\",\"inLanguage\":\"ar\",\"@id\":\"https:\/\/www.recson.ma\/produit\/machines-a-laver\/#primaryimage\",\"url\":\"https:\/\/www.recson.ma\/wp-content\/uploads\/2017\/06\/Design-sans-titre-12.png\",\"contentUrl\":\"https:\/\/www.recson.ma\/wp-content\/uploads\/2017\/06\/Design-sans-titre-12.png\",\"width\":860,\"height\":1200},{\"@type\":\"BreadcrumbList\",\"@id\":\"https:\/\/www.recson.ma\/produit\/machines-a-laver\/#breadcrumb\",\"itemListElement\":[{\"@type\":\"ListItem\",\"position\":1,\"name\":\"Accueil\",\"item\":\"https:\/\/www.recson.ma\/\"},{\"@type\":\"ListItem\",\"position\":2,\"name\":\"Shop\",\"item\":\"https:\/\/www.recson.ma\/shop\/\"},{\"@type\":\"ListItem\",\"position\":3,\"name\":\"Machines \u00e0 laver\"}]},{\"@type\":\"WebSite\",\"@id\":\"https:\/\/www.recson.ma\/#website\",\"url\":\"https:\/\/www.recson.ma\/\",\"name\":\"Recson\",\"description\":\"\",\"potentialAction\":[{\"@type\":\"SearchAction\",\"target\":{\"@type\":\"EntryPoint\",\"urlTemplate\":\"https:\/\/www.recson.ma\/?s={search_term_string}\"},\"query-input\":{\"@type\":\"PropertyValueSpecification\",\"valueRequired\":true,\"valueName\":\"search_term_string\"}}],\"inLanguage\":\"ar\"}]}<\/script>\n<!-- \/ Yoast SEO plugin. -->","yoast_head_json":{"title":"Machines \u00e0 laver - Recson","robots":{"index":"index","follow":"follow","max-snippet":"max-snippet:-1","max-image-preview":"max-image-preview:large","max-video-preview":"max-video-preview:-1"},"canonical":"https:\/\/www.recson.ma\/ar\/product\/machines-a-laver\/","og_locale":"ar_AR","og_type":"article","og_title":"Machines \u00e0 laver - Recson","og_description":"D\u00e9couvrez la machine \u00e0 laver Recson, un appareil moderne con\u00e7u pour offrir performance, confort et efficacit\u00e9 au quotidien. Avec son design inox \u00e9l\u00e9gant, sa porte large et son panneau de commande clair, elle s\u2019int\u00e8gre parfaitement dans tous les int\u00e9rieurs tout en facilitant chaque cycle de lavage.","og_url":"https:\/\/www.recson.ma\/ar\/product\/machines-a-laver\/","og_site_name":"Recson","article_modified_time":"2025-12-03T16:08:33+00:00","og_image":[{"width":860,"height":1200,"url":"https:\/\/www.recson.ma\/wp-content\/uploads\/2017\/06\/Design-sans-titre-12.png","type":"image\/png"}],"twitter_card":"summary_large_image","twitter_misc":{"\u0648\u0642\u062a \u0627\u0644\u0642\u0631\u0627\u0621\u0629 \u0627\u0644\u0645\u064f\u0642\u062f\u0651\u0631":"\u062f\u0642\u064a\u0642\u062a\u0627\u0646"},"schema":{"@context":"https:\/\/schema.org","@graph":[{"@type":"WebPage","@id":"https:\/\/www.recson.ma\/produit\/machines-a-laver\/","url":"https:\/\/www.recson.ma\/produit\/machines-a-laver\/","name":"Machines \u00e0 laver - Recson","isPartOf":{"@id":"https:\/\/www.recson.ma\/#website"},"primaryImageOfPage":{"@id":"https:\/\/www.recson.ma\/produit\/machines-a-laver\/#primaryimage"},"image":{"@id":"https:\/\/www.recson.ma\/produit\/machines-a-laver\/#primaryimage"},"thumbnailUrl":"https:\/\/www.recson.ma\/wp-content\/uploads\/2017\/06\/Design-sans-titre-12.png","datePublished":"2017-06-14T08:50:29+00:00","dateModified":"2025-12-03T16:08:33+00:00","breadcrumb":{"@id":"https:\/\/www.recson.ma\/produit\/machines-a-laver\/#breadcrumb"},"inLanguage":"ar","potentialAction":[{"@type":"ReadAction","target":["https:\/\/www.recson.ma\/produit\/machines-a-laver\/"]}]},{"@type":"ImageObject","inLanguage":"ar","@id":"https:\/\/www.recson.ma\/produit\/machines-a-laver\/#primaryimage","url":"https:\/\/www.recson.ma\/wp-content\/uploads\/2017\/06\/Design-sans-titre-12.png","contentUrl":"https:\/\/www.recson.ma\/wp-content\/uploads\/2017\/06\/Design-sans-titre-12.png","width":860,"height":1200},{"@type":"BreadcrumbList","@id":"https:\/\/www.recson.ma\/produit\/machines-a-laver\/#breadcrumb","itemListElement":[{"@type":"ListItem","position":1,"name":"Accueil","item":"https:\/\/www.recson.ma\/"},{"@type":"ListItem","position":2,"name":"Shop","item":"https:\/\/www.recson.ma\/shop\/"},{"@type":"ListItem","position":3,"name":"Machines \u00e0 laver"}]},{"@type":"WebSite","@id":"https:\/\/www.recson.ma\/#website","url":"https:\/\/www.recson.ma\/","name":"Recson","description":"","potentialAction":[{"@type":"SearchAction","target":{"@type":"EntryPoint","urlTemplate":"https:\/\/www.recson.ma\/?s={search_term_string}"},"query-input":{"@type":"PropertyValueSpecification","valueRequired":true,"valueName":"search_term_string"}}],"inLanguage":"ar"}]}},"_links":{"self":[{"href":"https:\/\/www.recson.ma\/ar\/wp-json\/wp\/v2\/product\/50","targetHints":{"allow":["GET"]}}],"collection":[{"href":"https:\/\/www.recson.ma\/ar\/wp-json\/wp\/v2\/product"}],"about":[{"href":"https:\/\/www.recson.ma\/ar\/wp-json\/wp\/v2\/types\/product"}],"replies":[{"embeddable":true,"href":"https:\/\/www.recson.ma\/ar\/wp-json\/wp\/v2\/comments?post=50"}],"wp:featuredmedia":[{"embeddable":true,"href":"https:\/\/www.recson.ma\/ar\/wp-json\/wp\/v2\/media\/9701"}],"wp:attachment":[{"href":"https:\/\/www.recson.ma\/ar\/wp-json\/wp\/v2\/media?parent=50"}],"wp:term":[{"taxonomy":"product_brand","embeddable":true,"href":"https:\/\/www.recson.ma\/ar\/wp-json\/wp\/v2\/product_brand?post=50"},{"taxonomy":"product_cat","embeddable":true,"href":"https:\/\/www.recson.ma\/ar\/wp-json\/wp\/v2\/product_cat?post=50"},{"taxonomy":"product_tag","embeddable":true,"href":"https:\/\/www.recson.ma\/ar\/wp-json\/wp\/v2\/product_tag?post=50"}],"curies":[{"name":"wp","href":"https:\/\/api.w.org\/{rel}","templated":true}]}}