{"id":1204,"date":"2021-07-23T16:14:31","date_gmt":"2021-07-23T16:14:31","guid":{"rendered":"http:\/\/dummy.xtemos.com\/woodmart2\/?post_type=product&#038;p=1204"},"modified":"2025-12-02T16:20:28","modified_gmt":"2025-12-02T15:20:28","slug":"recson-tv","status":"publish","type":"product","link":"https:\/\/www.recson.ma\/ar\/product\/recson-tv\/","title":{"rendered":"RECSON TV"},"content":{"rendered":"<div class=\"wpb-content-wrapper\"><div class=\"vc_row wpb_row vc_row-fluid vc_row-o-content-top vc_row-flex\"><div class=\"wpb_column vc_column_container vc_col-sm-6\"><div class=\"vc_column-inner\"><div class=\"wpb_wrapper\">\t\t<div id=\"wd-692ecebb14c23\" class=\"wd-text-block wd-wpb reset-last-child wd-rs-692ecebb14c23 text-left\">\n\t\t\t<p>D\u00e9couvrez notre <strong data-start=\"166\" data-end=\"185\">Smart TV QHD 4K<\/strong>, disponible en <strong data-start=\"201\" data-end=\"222\">plusieurs tailles<\/strong> pour s\u2019adapter parfaitement \u00e0 tous les espaces de votre maison. Son <strong data-start=\"291\" data-end=\"318\">design de cadre moderne<\/strong> s\u2019int\u00e8gre \u00e9l\u00e9gamment \u00e0 votre int\u00e9rieur, alliant style et sophistication. Profitez d\u2019images ultra\u2011nettes et lumineuses gr\u00e2ce \u00e0 <strong data-start=\"445\" data-end=\"464\">Dolby Vision IQ<\/strong>, qui ajuste automatiquement la luminosit\u00e9 et les couleurs selon l\u2019environnement. Le son immersif avec <strong data-start=\"567\" data-end=\"582\">Dolby Atmos<\/strong> transforme chaque film, s\u00e9rie ou jeu en exp\u00e9rience captivante. Gr\u00e2ce \u00e0 son syst\u00e8me performant, la TV offre une <strong data-start=\"694\" data-end=\"735\">navigation fluide, rapide et r\u00e9active<\/strong>, permettant d\u2019acc\u00e9der facilement \u00e0 toutes vos applications et contenus en streaming.<\/p>\n\t\t<\/div>\n\t\t<\/div><\/div><\/div><div class=\"wpb_column vc_column_container vc_col-sm-6\"><div class=\"vc_column-inner vc_custom_1490694541710\"><div class=\"wpb_wrapper\"><div class=\"vc_row wpb_row vc_inner vc_row-fluid vc_row-o-content-top vc_row-flex\"><div class=\"wpb_column vc_column_container vc_col-sm-6\"><div class=\"vc_column-inner vc_custom_1490695008312\"><div class=\"wpb_wrapper\">\t\t\t<div class=\"info-box-wrapper\">\n\t\t\t\t<div id=\"wd-692ececcef129\" class=\"wd-rs-692ececcef129 wd-info-box wd-wpb text-center box-icon-align-top box-style- color-scheme- wd-bg-none vc_custom_1764675307333\">\n\t\t\t\t\t\t\t\t\t\t\t<div class=\"box-icon-wrapper  box-with-icon box-icon-simple\">\n\t\t\t\t\t\t\t<div class=\"info-box-icon\">\n\n\t\t\t\t\t\t\t\n\t\t\t\t\t\t\t\t\t\t\t\t\t\t\t\t\t<img loading=\"lazy\" decoding=\"async\" width=\"50\" height=\"50\" src=\"https:\/\/www.recson.ma\/wp-content\/uploads\/2025\/09\/Design-sans-titre-84-50x50.png\" class=\"attachment-50x50 size-50x50\" alt=\"\" srcset=\"https:\/\/www.recson.ma\/wp-content\/uploads\/2025\/09\/Design-sans-titre-84-50x50.png 50w, https:\/\/www.recson.ma\/wp-content\/uploads\/2025\/09\/Design-sans-titre-84-150x150.png 150w, https:\/\/www.recson.ma\/wp-content\/uploads\/2025\/09\/Design-sans-titre-84.png 250w\" sizes=\"auto, (max-width: 50px) 100vw, 50px\" \/>\t\t\t\t\t\t\t\t\t\t\t\t\t\t\t\n\t\t\t\t\t\t\t<\/div>\n\t\t\t\t\t\t<\/div>\n\t\t\t\t\t\t\t\t\t\t<div class=\"info-box-content\">\n\t\t\t\t\t\t<h4 class=\"info-box-title title box-title-style-default wd-fontsize-s\">WI-FI<\/h4>\t\t\t\t\t\t<div class=\"info-box-inner reset-last-child\"><\/p>\n<p style=\"text-align: center;\">WiFi int\u00e9gr\u00e9 pour un streaming facile et rapide.<\/p>\n<p>\n<\/div>\n\n\t\t\t\t\t\t\t\t\t\t\t<\/div>\n\n\t\t\t\t\t\n\t\t\t\t\t\t\t\t\t<\/div>\n\t\t\t<\/div>\n\t\t<\/div><\/div><\/div><div class=\"wpb_column vc_column_container vc_col-sm-6\"><div class=\"vc_column-inner vc_custom_1490695011353\"><div class=\"wpb_wrapper\">\t\t\t<div class=\"info-box-wrapper\">\n\t\t\t\t<div id=\"wd-692ecf02798eb\" class=\"wd-rs-692ecf02798eb wd-info-box wd-wpb text-center box-icon-align-top box-style- color-scheme- wd-bg-none vc_custom_1764675347809\">\n\t\t\t\t\t\t\t\t\t\t\t<div class=\"box-icon-wrapper  box-with-icon box-icon-simple\">\n\t\t\t\t\t\t\t<div class=\"info-box-icon\">\n\n\t\t\t\t\t\t\t\n\t\t\t\t\t\t\t\t\t\t\t\t\t\t\t\t\t<img loading=\"lazy\" decoding=\"async\" width=\"50\" height=\"50\" src=\"https:\/\/www.recson.ma\/wp-content\/uploads\/2025\/09\/Design-sans-titre-85-50x50.png\" class=\"attachment-50x50 size-50x50\" alt=\"\" srcset=\"https:\/\/www.recson.ma\/wp-content\/uploads\/2025\/09\/Design-sans-titre-85-50x50.png 50w, https:\/\/www.recson.ma\/wp-content\/uploads\/2025\/09\/Design-sans-titre-85-150x150.png 150w, https:\/\/www.recson.ma\/wp-content\/uploads\/2025\/09\/Design-sans-titre-85.png 250w\" sizes=\"auto, (max-width: 50px) 100vw, 50px\" \/>\t\t\t\t\t\t\t\t\t\t\t\t\t\t\t\n\t\t\t\t\t\t\t<\/div>\n\t\t\t\t\t\t<\/div>\n\t\t\t\t\t\t\t\t\t\t<div class=\"info-box-content\">\n\t\t\t\t\t\t<h4 class=\"info-box-title title box-title-style-default wd-fontsize-s\">BLUETOOTH<\/h4>\t\t\t\t\t\t<div class=\"info-box-inner reset-last-child\"><\/p>\n<p style=\"text-align: center;\">Bluetooth int\u00e9gr\u00e9 pour accessoires audio et p\u00e9riph\u00e9riques.<\/p>\n<p>\n<\/div>\n\n\t\t\t\t\t\t\t\t\t\t\t<\/div>\n\n\t\t\t\t\t\n\t\t\t\t\t\t\t\t\t<\/div>\n\t\t\t<\/div>\n\t\t<\/div><\/div><\/div><div class=\"wpb_column vc_column_container vc_col-sm-6\"><div class=\"vc_column-inner vc_custom_1490694847874\"><div class=\"wpb_wrapper\">\t\t\t<div class=\"info-box-wrapper\">\n\t\t\t\t<div id=\"wd-692eceece7aea\" class=\"wd-rs-692eceece7aea wd-info-box wd-wpb text-center box-icon-align-top box-style- color-scheme- wd-bg-none vc_custom_1764675327691\">\n\t\t\t\t\t\t\t\t\t\t\t<div class=\"box-icon-wrapper  box-with-icon box-icon-simple\">\n\t\t\t\t\t\t\t<div class=\"info-box-icon\">\n\n\t\t\t\t\t\t\t\n\t\t\t\t\t\t\t\t\t\t\t\t\t\t\t\t\t<img loading=\"lazy\" decoding=\"async\" width=\"50\" height=\"50\" src=\"https:\/\/www.recson.ma\/wp-content\/uploads\/2025\/09\/Design-sans-titre-86-50x50.png\" class=\"attachment-50x50 size-50x50\" alt=\"\" srcset=\"https:\/\/www.recson.ma\/wp-content\/uploads\/2025\/09\/Design-sans-titre-86-50x50.png 50w, https:\/\/www.recson.ma\/wp-content\/uploads\/2025\/09\/Design-sans-titre-86-150x150.png 150w, https:\/\/www.recson.ma\/wp-content\/uploads\/2025\/09\/Design-sans-titre-86.png 250w\" sizes=\"auto, (max-width: 50px) 100vw, 50px\" \/>\t\t\t\t\t\t\t\t\t\t\t\t\t\t\t\n\t\t\t\t\t\t\t<\/div>\n\t\t\t\t\t\t<\/div>\n\t\t\t\t\t\t\t\t\t\t<div class=\"info-box-content\">\n\t\t\t\t\t\t<h4 class=\"info-box-title title box-title-style-default wd-fontsize-s\">CHROMECAST<\/h4>\t\t\t\t\t\t<div class=\"info-box-inner reset-last-child\"><\/p>\n<p style=\"text-align: center;\">Diffusez vos contenus facilement gr\u00e2ce \u00e0 CHROMECAST int\u00e9gr\u00e9.<\/p>\n<p>\n<\/div>\n\n\t\t\t\t\t\t\t\t\t\t\t<\/div>\n\n\t\t\t\t\t\n\t\t\t\t\t\t\t\t\t<\/div>\n\t\t\t<\/div>\n\t\t<\/div><\/div><\/div><div class=\"wpb_column vc_column_container vc_col-sm-6\"><div class=\"vc_column-inner vc_custom_1490694856753\"><div class=\"wpb_wrapper\">\t\t\t<div class=\"info-box-wrapper\">\n\t\t\t\t<div id=\"wd-692ecf14468b8\" class=\"wd-rs-692ecf14468b8 wd-info-box wd-wpb text-center box-icon-align-top box-style- color-scheme- wd-bg-none vc_custom_1764675370584\">\n\t\t\t\t\t\t\t\t\t\t\t<div class=\"box-icon-wrapper  box-with-icon box-icon-simple\">\n\t\t\t\t\t\t\t<div class=\"info-box-icon\">\n\n\t\t\t\t\t\t\t\n\t\t\t\t\t\t\t\t\t\t\t\t\t\t\t\t\t<img loading=\"lazy\" decoding=\"async\" width=\"50\" height=\"50\" src=\"https:\/\/www.recson.ma\/wp-content\/uploads\/2025\/09\/Design-sans-titre-87-50x50.png\" class=\"attachment-50x50 size-50x50\" alt=\"\" srcset=\"https:\/\/www.recson.ma\/wp-content\/uploads\/2025\/09\/Design-sans-titre-87-50x50.png 50w, https:\/\/www.recson.ma\/wp-content\/uploads\/2025\/09\/Design-sans-titre-87-150x150.png 150w, https:\/\/www.recson.ma\/wp-content\/uploads\/2025\/09\/Design-sans-titre-87.png 250w\" sizes=\"auto, (max-width: 50px) 100vw, 50px\" \/>\t\t\t\t\t\t\t\t\t\t\t\t\t\t\t\n\t\t\t\t\t\t\t<\/div>\n\t\t\t\t\t\t<\/div>\n\t\t\t\t\t\t\t\t\t\t<div class=\"info-box-content\">\n\t\t\t\t\t\t<h4 class=\"info-box-title title box-title-style-default wd-fontsize-s\">Dolby Audio<\/h4>\t\t\t\t\t\t<div class=\"info-box-inner reset-last-child\"><\/p>\n<p style=\"text-align: center;\">Profitez d\u2019un son immersif gr\u00e2ce \u00e0 DOLBY AUDIO.<\/p>\n<p>\n<\/div>\n\n\t\t\t\t\t\t\t\t\t\t\t<\/div>\n\n\t\t\t\t\t\n\t\t\t\t\t\t\t\t\t<\/div>\n\t\t\t<\/div>\n\t\t<\/div><\/div><\/div><\/div><\/div><\/div><\/div><\/div>\n<\/div>","protected":false},"excerpt":{"rendered":"<p>L\u2019\u00e9cran Recson a \u00e9t\u00e9 con\u00e7u pour offrir une exp\u00e9rience visuelle optimale gr\u00e2ce \u00e0 une gestion rigoureuse des couleurs et du contraste. Chaque nuance est soigneusement calibr\u00e9e pour garantir une restitution fid\u00e8le et dynamique des contenus<\/p>","protected":false},"featured_media":9633,"comment_status":"open","ping_status":"closed","template":"","meta":[],"product_brand":[],"product_cat":[70],"product_tag":[],"class_list":{"0":"post-1204","1":"product","2":"type-product","3":"status-publish","4":"has-post-thumbnail","6":"product_cat-tv-media","8":"first","9":"instock","10":"shipping-taxable","11":"purchasable","12":"product-type-variable"},"yoast_head":"<!-- This site is optimized with the Yoast SEO plugin v26.5 - https:\/\/yoast.com\/wordpress\/plugins\/seo\/ -->\n<title>RECSON TV - Recson<\/title>\n<meta name=\"robots\" content=\"index, follow, max-snippet:-1, max-image-preview:large, max-video-preview:-1\" \/>\n<link rel=\"canonical\" href=\"https:\/\/www.recson.ma\/ar\/product\/recson-tv\/\" \/>\n<meta property=\"og:locale\" content=\"ar_AR\" \/>\n<meta property=\"og:type\" content=\"article\" \/>\n<meta property=\"og:title\" content=\"RECSON TV - Recson\" \/>\n<meta property=\"og:description\" content=\"L\u2019\u00e9cran Recson a \u00e9t\u00e9 con\u00e7u pour offrir une exp\u00e9rience visuelle optimale gr\u00e2ce \u00e0 une gestion rigoureuse des couleurs et du contraste. Chaque nuance est soigneusement calibr\u00e9e pour garantir une restitution fid\u00e8le et dynamique des contenus\" \/>\n<meta property=\"og:url\" content=\"https:\/\/www.recson.ma\/ar\/product\/recson-tv\/\" \/>\n<meta property=\"og:site_name\" content=\"Recson\" \/>\n<meta property=\"article:modified_time\" content=\"2025-12-02T15:20:28+00:00\" \/>\n<meta property=\"og:image\" content=\"https:\/\/www.recson.ma\/wp-content\/uploads\/2021\/07\/Design-sans-titre.png\" \/>\n\t<meta property=\"og:image:width\" content=\"860\" \/>\n\t<meta property=\"og:image:height\" content=\"1200\" \/>\n\t<meta property=\"og:image:type\" content=\"image\/png\" \/>\n<meta name=\"twitter:card\" content=\"summary_large_image\" \/>\n<meta name=\"twitter:label1\" content=\"\u0648\u0642\u062a \u0627\u0644\u0642\u0631\u0627\u0621\u0629 \u0627\u0644\u0645\u064f\u0642\u062f\u0651\u0631\" \/>\n\t<meta name=\"twitter:data1\" content=\"3 \u062f\u0642\u0627\u0626\u0642\" \/>\n<script type=\"application\/ld+json\" class=\"yoast-schema-graph\">{\"@context\":\"https:\/\/schema.org\",\"@graph\":[{\"@type\":\"WebPage\",\"@id\":\"https:\/\/www.recson.ma\/produit\/recson-tv\/\",\"url\":\"https:\/\/www.recson.ma\/produit\/recson-tv\/\",\"name\":\"RECSON TV - Recson\",\"isPartOf\":{\"@id\":\"https:\/\/www.recson.ma\/#website\"},\"primaryImageOfPage\":{\"@id\":\"https:\/\/www.recson.ma\/produit\/recson-tv\/#primaryimage\"},\"image\":{\"@id\":\"https:\/\/www.recson.ma\/produit\/recson-tv\/#primaryimage\"},\"thumbnailUrl\":\"https:\/\/www.recson.ma\/wp-content\/uploads\/2021\/07\/Design-sans-titre.png\",\"datePublished\":\"2021-07-23T16:14:31+00:00\",\"dateModified\":\"2025-12-02T15:20:28+00:00\",\"breadcrumb\":{\"@id\":\"https:\/\/www.recson.ma\/produit\/recson-tv\/#breadcrumb\"},\"inLanguage\":\"ar\",\"potentialAction\":[{\"@type\":\"ReadAction\",\"target\":[\"https:\/\/www.recson.ma\/produit\/recson-tv\/\"]}]},{\"@type\":\"ImageObject\",\"inLanguage\":\"ar\",\"@id\":\"https:\/\/www.recson.ma\/produit\/recson-tv\/#primaryimage\",\"url\":\"https:\/\/www.recson.ma\/wp-content\/uploads\/2021\/07\/Design-sans-titre.png\",\"contentUrl\":\"https:\/\/www.recson.ma\/wp-content\/uploads\/2021\/07\/Design-sans-titre.png\",\"width\":860,\"height\":1200},{\"@type\":\"BreadcrumbList\",\"@id\":\"https:\/\/www.recson.ma\/produit\/recson-tv\/#breadcrumb\",\"itemListElement\":[{\"@type\":\"ListItem\",\"position\":1,\"name\":\"Accueil\",\"item\":\"https:\/\/www.recson.ma\/\"},{\"@type\":\"ListItem\",\"position\":2,\"name\":\"Shop\",\"item\":\"https:\/\/www.recson.ma\/shop\/\"},{\"@type\":\"ListItem\",\"position\":3,\"name\":\"RECSON TV\"}]},{\"@type\":\"WebSite\",\"@id\":\"https:\/\/www.recson.ma\/#website\",\"url\":\"https:\/\/www.recson.ma\/\",\"name\":\"Recson\",\"description\":\"\",\"potentialAction\":[{\"@type\":\"SearchAction\",\"target\":{\"@type\":\"EntryPoint\",\"urlTemplate\":\"https:\/\/www.recson.ma\/?s={search_term_string}\"},\"query-input\":{\"@type\":\"PropertyValueSpecification\",\"valueRequired\":true,\"valueName\":\"search_term_string\"}}],\"inLanguage\":\"ar\"}]}<\/script>\n<!-- \/ Yoast SEO plugin. -->","yoast_head_json":{"title":"RECSON TV - Recson","robots":{"index":"index","follow":"follow","max-snippet":"max-snippet:-1","max-image-preview":"max-image-preview:large","max-video-preview":"max-video-preview:-1"},"canonical":"https:\/\/www.recson.ma\/ar\/product\/recson-tv\/","og_locale":"ar_AR","og_type":"article","og_title":"RECSON TV - Recson","og_description":"L\u2019\u00e9cran Recson a \u00e9t\u00e9 con\u00e7u pour offrir une exp\u00e9rience visuelle optimale gr\u00e2ce \u00e0 une gestion rigoureuse des couleurs et du contraste. Chaque nuance est soigneusement calibr\u00e9e pour garantir une restitution fid\u00e8le et dynamique des contenus","og_url":"https:\/\/www.recson.ma\/ar\/product\/recson-tv\/","og_site_name":"Recson","article_modified_time":"2025-12-02T15:20:28+00:00","og_image":[{"width":860,"height":1200,"url":"https:\/\/www.recson.ma\/wp-content\/uploads\/2021\/07\/Design-sans-titre.png","type":"image\/png"}],"twitter_card":"summary_large_image","twitter_misc":{"\u0648\u0642\u062a \u0627\u0644\u0642\u0631\u0627\u0621\u0629 \u0627\u0644\u0645\u064f\u0642\u062f\u0651\u0631":"3 \u062f\u0642\u0627\u0626\u0642"},"schema":{"@context":"https:\/\/schema.org","@graph":[{"@type":"WebPage","@id":"https:\/\/www.recson.ma\/produit\/recson-tv\/","url":"https:\/\/www.recson.ma\/produit\/recson-tv\/","name":"RECSON TV - Recson","isPartOf":{"@id":"https:\/\/www.recson.ma\/#website"},"primaryImageOfPage":{"@id":"https:\/\/www.recson.ma\/produit\/recson-tv\/#primaryimage"},"image":{"@id":"https:\/\/www.recson.ma\/produit\/recson-tv\/#primaryimage"},"thumbnailUrl":"https:\/\/www.recson.ma\/wp-content\/uploads\/2021\/07\/Design-sans-titre.png","datePublished":"2021-07-23T16:14:31+00:00","dateModified":"2025-12-02T15:20:28+00:00","breadcrumb":{"@id":"https:\/\/www.recson.ma\/produit\/recson-tv\/#breadcrumb"},"inLanguage":"ar","potentialAction":[{"@type":"ReadAction","target":["https:\/\/www.recson.ma\/produit\/recson-tv\/"]}]},{"@type":"ImageObject","inLanguage":"ar","@id":"https:\/\/www.recson.ma\/produit\/recson-tv\/#primaryimage","url":"https:\/\/www.recson.ma\/wp-content\/uploads\/2021\/07\/Design-sans-titre.png","contentUrl":"https:\/\/www.recson.ma\/wp-content\/uploads\/2021\/07\/Design-sans-titre.png","width":860,"height":1200},{"@type":"BreadcrumbList","@id":"https:\/\/www.recson.ma\/produit\/recson-tv\/#breadcrumb","itemListElement":[{"@type":"ListItem","position":1,"name":"Accueil","item":"https:\/\/www.recson.ma\/"},{"@type":"ListItem","position":2,"name":"Shop","item":"https:\/\/www.recson.ma\/shop\/"},{"@type":"ListItem","position":3,"name":"RECSON TV"}]},{"@type":"WebSite","@id":"https:\/\/www.recson.ma\/#website","url":"https:\/\/www.recson.ma\/","name":"Recson","description":"","potentialAction":[{"@type":"SearchAction","target":{"@type":"EntryPoint","urlTemplate":"https:\/\/www.recson.ma\/?s={search_term_string}"},"query-input":{"@type":"PropertyValueSpecification","valueRequired":true,"valueName":"search_term_string"}}],"inLanguage":"ar"}]}},"_links":{"self":[{"href":"https:\/\/www.recson.ma\/ar\/wp-json\/wp\/v2\/product\/1204","targetHints":{"allow":["GET"]}}],"collection":[{"href":"https:\/\/www.recson.ma\/ar\/wp-json\/wp\/v2\/product"}],"about":[{"href":"https:\/\/www.recson.ma\/ar\/wp-json\/wp\/v2\/types\/product"}],"replies":[{"embeddable":true,"href":"https:\/\/www.recson.ma\/ar\/wp-json\/wp\/v2\/comments?post=1204"}],"wp:featuredmedia":[{"embeddable":true,"href":"https:\/\/www.recson.ma\/ar\/wp-json\/wp\/v2\/media\/9633"}],"wp:attachment":[{"href":"https:\/\/www.recson.ma\/ar\/wp-json\/wp\/v2\/media?parent=1204"}],"wp:term":[{"taxonomy":"product_brand","embeddable":true,"href":"https:\/\/www.recson.ma\/ar\/wp-json\/wp\/v2\/product_brand?post=1204"},{"taxonomy":"product_cat","embeddable":true,"href":"https:\/\/www.recson.ma\/ar\/wp-json\/wp\/v2\/product_cat?post=1204"},{"taxonomy":"product_tag","embeddable":true,"href":"https:\/\/www.recson.ma\/ar\/wp-json\/wp\/v2\/product_tag?post=1204"}],"curies":[{"name":"wp","href":"https:\/\/api.w.org\/{rel}","templated":true}]}}